{"id":34,"date":"2012-05-22T20:45:12","date_gmt":"2012-05-22T20:45:12","guid":{"rendered":"http:\/\/aliquando.id-3.net\/?page_id=34"},"modified":"2020-05-21T08:31:39","modified_gmt":"2020-05-21T12:31:39","slug":"me-contacter","status":"publish","type":"page","link":"https:\/\/anoukvidal.com\/en\/me-contacter\/","title":{"rendered":"Contact me"},"content":{"rendered":"<p>&nbsp;<\/p>\n<p><\/p>","protected":false},"excerpt":{"rendered":"<p>&nbsp;<\/p>\n","protected":false},"author":1,"featured_media":0,"parent":0,"menu_order":50,"comment_status":"open","ping_status":"closed","template":"t_contact.php","meta":{"_acf_changed":false,"footnotes":""},"class_list":["post-34","page","type-page","status-publish","hentry"],"acf":[],"yoast_head":"<!-- This site is optimized with the Yoast SEO plugin v26.7 - https:\/\/yoast.com\/wordpress\/plugins\/seo\/ -->\n<title>Contact me - Anouk Vidal - RE\/MAX Qu\u00e9bec<\/title>\n<meta name=\"description\" content=\"Courtier immobilier Rive-Nord | Anouk Vidal Pour joindre Anouk Vidal au bureau, voici ses coordonn\u00e9es : 14000 Rue de la Chapelle, Mirabel, QC J7J 2C8 T\u00e9l\u00e9phone : 514-216-2611.\" \/>\n<meta name=\"robots\" content=\"index, follow, max-snippet:-1, max-image-preview:large, max-video-preview:-1\" \/>\n<link rel=\"canonical\" href=\"https:\/\/anoukvidal.com\/me-contacter\/\" \/>\n<meta property=\"og:locale\" content=\"en_US\" \/>\n<meta property=\"og:type\" content=\"article\" \/>\n<meta property=\"og:title\" content=\"Contact me - Anouk Vidal - RE\/MAX Qu\u00e9bec\" \/>\n<meta property=\"og:description\" content=\"Courtier immobilier Rive-Nord | Anouk Vidal Pour joindre Anouk Vidal au bureau, voici ses coordonn\u00e9es : 14000 Rue de la Chapelle, Mirabel, QC J7J 2C8 T\u00e9l\u00e9phone : 514-216-2611.\" \/>\n<meta property=\"og:url\" content=\"https:\/\/anoukvidal.com\/me-contacter\/\" \/>\n<meta property=\"og:site_name\" content=\"Anouk Vidal - RE\/MAX Qu\u00e9bec\" \/>\n<meta property=\"article:publisher\" content=\"https:\/\/www.facebook.com\/anoukvidalcourtierimmobilier\" \/>\n<meta property=\"article:modified_time\" content=\"2020-05-21T12:31:39+00:00\" \/>\n<meta property=\"og:image\" content=\"https:\/\/anoukvidal.com\/files\/2026\/01\/Header_Facebook_2026.png\" \/>\n<meta name=\"twitter:card\" content=\"summary_large_image\" \/>\n<meta name=\"twitter:image\" content=\"https:\/\/anoukvidal.com\/files\/2026\/01\/Header_Facebook_2026.png\" \/>\n<meta name=\"twitter:site\" content=\"@anouk_vidal\" \/>\n<script type=\"application\/ld+json\" class=\"yoast-schema-graph\">{\"@context\":\"https:\/\/schema.org\",\"@graph\":[{\"@type\":\"WebPage\",\"@id\":\"https:\/\/anoukvidal.com\/me-contacter\/\",\"url\":\"https:\/\/anoukvidal.com\/me-contacter\/\",\"name\":\"[:fr]Me contacter[:en]Contact me[:] - Anouk Vidal - RE\/MAX Qu\u00e9bec\",\"isPartOf\":{\"@id\":\"https:\/\/anoukvidal.com\/#website\"},\"datePublished\":\"2012-05-22T20:45:12+00:00\",\"dateModified\":\"2020-05-21T12:31:39+00:00\",\"description\":\"Courtier immobilier Rive-Nord | Anouk Vidal Pour joindre Anouk Vidal au bureau, voici ses coordonn\u00e9es : 14000 Rue de la Chapelle, Mirabel, QC J7J 2C8 T\u00e9l\u00e9phone : 514-216-2611.\",\"breadcrumb\":{\"@id\":\"https:\/\/anoukvidal.com\/me-contacter\/#breadcrumb\"},\"inLanguage\":\"en-US\",\"potentialAction\":[{\"@type\":\"ReadAction\",\"target\":[\"https:\/\/anoukvidal.com\/me-contacter\/\"]}]},{\"@type\":\"BreadcrumbList\",\"@id\":\"https:\/\/anoukvidal.com\/me-contacter\/#breadcrumb\",\"itemListElement\":[{\"@type\":\"ListItem\",\"position\":1,\"name\":\"Accueil\",\"item\":\"https:\/\/anoukvidal.com\/\"},{\"@type\":\"ListItem\",\"position\":2,\"name\":\"Me contacter\"}]},{\"@type\":\"WebSite\",\"@id\":\"https:\/\/anoukvidal.com\/#website\",\"url\":\"https:\/\/anoukvidal.com\/\",\"name\":\"Anouk Vidal - RE\/MAX Qu\u00e9bec\",\"description\":\"Real Estate Broker\",\"potentialAction\":[{\"@type\":\"SearchAction\",\"target\":{\"@type\":\"EntryPoint\",\"urlTemplate\":\"https:\/\/anoukvidal.com\/?s={search_term_string}\"},\"query-input\":{\"@type\":\"PropertyValueSpecification\",\"valueRequired\":true,\"valueName\":\"search_term_string\"}}],\"inLanguage\":\"en-US\"}]}<\/script>\n<!-- \/ Yoast SEO plugin. -->","yoast_head_json":{"title":"Contact me - Anouk Vidal - RE\/MAX Qu\u00e9bec","description":"Courtier immobilier Rive-Nord | Anouk Vidal Pour joindre Anouk Vidal au bureau, voici ses coordonn\u00e9es : 14000 Rue de la Chapelle, Mirabel, QC J7J 2C8 T\u00e9l\u00e9phone : 514-216-2611.","robots":{"index":"index","follow":"follow","max-snippet":"max-snippet:-1","max-image-preview":"max-image-preview:large","max-video-preview":"max-video-preview:-1"},"canonical":"https:\/\/anoukvidal.com\/me-contacter\/","og_locale":"en_US","og_type":"article","og_title":"Contact me - Anouk Vidal - RE\/MAX Qu\u00e9bec","og_description":"Courtier immobilier Rive-Nord | Anouk Vidal Pour joindre Anouk Vidal au bureau, voici ses coordonn\u00e9es : 14000 Rue de la Chapelle, Mirabel, QC J7J 2C8 T\u00e9l\u00e9phone : 514-216-2611.","og_url":"https:\/\/anoukvidal.com\/me-contacter\/","og_site_name":"Anouk Vidal - RE\/MAX Qu\u00e9bec","article_publisher":"https:\/\/www.facebook.com\/anoukvidalcourtierimmobilier","article_modified_time":"2020-05-21T12:31:39+00:00","og_image":[{"url":"https:\/\/anoukvidal.com\/files\/2026\/01\/Header_Facebook_2026.png","type":"","width":"","height":""}],"twitter_card":"summary_large_image","twitter_image":"https:\/\/anoukvidal.com\/files\/2026\/01\/Header_Facebook_2026.png","twitter_site":"@anouk_vidal","schema":{"@context":"https:\/\/schema.org","@graph":[{"@type":"WebPage","@id":"https:\/\/anoukvidal.com\/me-contacter\/","url":"https:\/\/anoukvidal.com\/me-contacter\/","name":"[:fr]Me contacter[:en]Contact me[:] - Anouk Vidal - RE\/MAX Qu\u00e9bec","isPartOf":{"@id":"https:\/\/anoukvidal.com\/#website"},"datePublished":"2012-05-22T20:45:12+00:00","dateModified":"2020-05-21T12:31:39+00:00","description":"Courtier immobilier Rive-Nord | Anouk Vidal Pour joindre Anouk Vidal au bureau, voici ses coordonn\u00e9es : 14000 Rue de la Chapelle, Mirabel, QC J7J 2C8 T\u00e9l\u00e9phone : 514-216-2611.","breadcrumb":{"@id":"https:\/\/anoukvidal.com\/me-contacter\/#breadcrumb"},"inLanguage":"en-US","potentialAction":[{"@type":"ReadAction","target":["https:\/\/anoukvidal.com\/me-contacter\/"]}]},{"@type":"BreadcrumbList","@id":"https:\/\/anoukvidal.com\/me-contacter\/#breadcrumb","itemListElement":[{"@type":"ListItem","position":1,"name":"Accueil","item":"https:\/\/anoukvidal.com\/"},{"@type":"ListItem","position":2,"name":"Me contacter"}]},{"@type":"WebSite","@id":"https:\/\/anoukvidal.com\/#website","url":"https:\/\/anoukvidal.com\/","name":"Anouk Vidal - RE\/MAX Qu\u00e9bec","description":"Real Estate Broker","potentialAction":[{"@type":"SearchAction","target":{"@type":"EntryPoint","urlTemplate":"https:\/\/anoukvidal.com\/?s={search_term_string}"},"query-input":{"@type":"PropertyValueSpecification","valueRequired":true,"valueName":"search_term_string"}}],"inLanguage":"en-US"}]}},"_links":{"self":[{"href":"https:\/\/anoukvidal.com\/en\/wp-json\/wp\/v2\/pages\/34","targetHints":{"allow":["GET"]}}],"collection":[{"href":"https:\/\/anoukvidal.com\/en\/wp-json\/wp\/v2\/pages"}],"about":[{"href":"https:\/\/anoukvidal.com\/en\/wp-json\/wp\/v2\/types\/page"}],"author":[{"embeddable":true,"href":"https:\/\/anoukvidal.com\/en\/wp-json\/wp\/v2\/users\/1"}],"replies":[{"embeddable":true,"href":"https:\/\/anoukvidal.com\/en\/wp-json\/wp\/v2\/comments?post=34"}],"version-history":[{"count":3,"href":"https:\/\/anoukvidal.com\/en\/wp-json\/wp\/v2\/pages\/34\/revisions"}],"predecessor-version":[{"id":603,"href":"https:\/\/anoukvidal.com\/en\/wp-json\/wp\/v2\/pages\/34\/revisions\/603"}],"wp:attachment":[{"href":"https:\/\/anoukvidal.com\/en\/wp-json\/wp\/v2\/media?parent=34"}],"curies":[{"name":"wp","href":"https:\/\/api.w.org\/{rel}","templated":true}]}}